{"id":52,"date":"2016-04-22T12:09:28","date_gmt":"2016-04-22T10:09:28","guid":{"rendered":"http:\/\/vrian.nl\/?page_id=52"},"modified":"2016-04-30T11:36:57","modified_gmt":"2016-04-30T09:36:57","slug":"kunstdieren","status":"publish","type":"page","link":"https:\/\/vrian.nl\/nl\/producten\/kunstdieren\/","title":{"rendered":"Kunstdieren"},"content":{"rendered":"<p><\/p>\n<table border=\"0\" width=\"630\" cellspacing=\"0\" cellpadding=\"0\">\n<tbody>\n<tr>\n<td height=\"17\">VRIAN products verkoopt een reeks van kunstdieren: Koe, kalf, varken, paard, hert, haan.<br \/>\nDe modellen zijn levensgroot, gemaakt van polyester en zeker bestand tegen een stootje!Beschikbaar voor originele promotie van uw bedrijf op beurzen en bij uw bedrijfsingang. Met originele beschildering is het dier ook een natuurgetrouwe model van uw favoriete dier!VRIAN projects kan de beschildering verzorgen volgens de specificatie van de klant.<\/td>\n<\/tr>\n<tr>\n<td height=\"17\">Er is een beperkt aantal overige boerderijdieren beschikbaar in levensgroot model: Fries paard, varken, kalf, hert, haan.<br \/>\nDe uitvoering is in stootvast polyester, levensecht beschilderd.<\/td>\n<\/tr>\n<tr>\n<td height=\"17\"><strong><em>Feesten, promotie en kunst projecten <\/em><\/strong><\/p>\n<p>De kunstdieren en andere polyester modellen kunnen gebruikt worden als mascotte of herkenningsfiguur in allerlei activiteiten: Buurtfeesten, kunstprojecten, promotie-activiteiten van bedrijven en instellingen, personeels feesten, relatie geschenken en nog vele andere originele idee\u00ebn.<\/p>\n<p>VRIAN kan helpen bij het organiseren van deze activiteiten, festiviteiten of exposities. Neem gerust contact met ons op of stuur uw vraag per e-mail.<\/p>\n<p>Het uitgebreide Europese netwerk van VRIAN levert een breed scala van originele, creatieve en innovatieve idee\u00ebn op. Thema&#8217;s en figuren uit Itali\u00eb, Portugal, Oekra\u00efne, Roemeni\u00eb of de Baltische landen. In deze en andere landen heeft VRIAN projects goede contacten. Deze kunnen ook gebruikt worden voor handels contacten, investeringsbegeleiding en marktontwikkeling.<\/td>\n<\/tr>\n<tr>\n<td height=\"17\">\n<ul>\n<li><a href=\"#Koeien\"><strong>Koeien, Baukje de melkbare koe, kalveren<\/strong><\/a><strong>, mini koe<\/strong><\/li>\n<li><a href=\"#Hert\"><strong>Hert, haan, paard, varken<\/strong><\/a><\/li>\n<\/ul>\n<\/td>\n<\/tr>\n<tr>\n<td valign=\"top\" height=\"237\"><a name=\"Koeien\"><\/a><strong>Koeien, Baukje de melkbare koe, kal<\/strong><strong>f<\/strong><strong>, mini koe<\/strong><\/p>\n<table border=\"0\" width=\"100%\" cellspacing=\"0\" cellpadding=\"0\">\n<tbody>\n<tr>\n<td valign=\"top\" width=\"26%\"><img loading=\"lazy\" class=\"alignnone size-full wp-image-55\" src=\"http:\/\/vrian.nl\/wp-content\/uploads\/2016\/04\/kunstd4.jpg\" alt=\"kunstd4\" width=\"200\" height=\"147\" \/><\/td>\n<td valign=\"top\"><span lang=\"EN-GB\"><strong><em>Levensgrote kunstkoe<\/em><\/strong><br \/>\nDe kunstkoe wordt wit (acryl grondverf) aangeleverd en is verkrijgbaar in 2 varianten: een staand kijkende of grazende koe. De koeien zijn robuust 2,60m lang, 0,80m breed en 1,65m hoog (staand kijkende koe),<\/span>1,45m hoog (grazende koe). Het gewicht bedraagt ongeveer 80 kg. Er is ook een betonnen voetplaat beschikbaar en een multiplex voetplaat op zwenk wieltjes (de voetplaat zit niet bij de deelname prijs inbegrepen). Op verzoek van de koper kan de koe beschilderd worden door een kunstenaar of kunnen aanpassingen in het model worden uitgevoerd door de leverancier. Er is ook een liggend model, deze kan natuurlijk niet gemolken worden.<\/td>\n<\/tr>\n<tr>\n<td valign=\"top\" width=\"26%\"><img loading=\"lazy\" class=\"alignnone size-full wp-image-57\" src=\"http:\/\/vrian.nl\/wp-content\/uploads\/2016\/04\/kunstd5.jpg\" alt=\"kunstd5\" width=\"200\" height=\"151\" \/><\/td>\n<td valign=\"top\"><span lang=\"EN-GB\"><strong><em>Baukje (melkbare kunstkoe)<\/em><\/strong><br \/>\nAlle kinderen willen een koe melken: Onbegrijpelijk dat melk uit een koe komt! Maar het is erg lastig om steeds een koe aan de melk beschikbaar te hebben. Nieuw in ons assortiment kunstdieren is <em>Baukje <\/em>onze melkbare kunstkoe. <\/span><span lang=\"EN-GB\"><span lang=\"EN-GB\">De kunstkoe is voorzien van een kunst-uier waardoor de koe te melken is. De constructie is onderverdeeld in vier compartimenten, die eenvoudig te verwijderen en te monteren zijn. Deze bestaat uit vier standaard flessen waarin u verschillende vloeistoffen kan doen, zoals frisdrank en melk. De constructie is makkelijk schoon te houden, waardoor de &#8220;geproduceerde melk&#8221; gedronken kan worden en navulbaar is.<\/span><\/span><span lang=\"EN-GB\">Het melken van deze kunstkoe is vooral leuk en tegelijk leerzaam voor kinderen. Deze kunstdieren trekken veel aandacht van de kinderen op kinderboerderijen, kinderfeesten etc. Het polyester materiaal kan tegen een stootje zodat u het dier ook als speelobject kunt inzetten. Bovendien eet en poept deze koe niet!<\/span><\/td>\n<\/tr>\n<tr>\n<td valign=\"top\" width=\"26%\"><img loading=\"lazy\" class=\"alignnone size-full wp-image-60\" src=\"http:\/\/vrian.nl\/wp-content\/uploads\/2016\/04\/kunstd6.jpg\" alt=\"kunstd6\" width=\"200\" height=\"145\" \/><\/td>\n<td valign=\"top\"><strong><em>Kalf<br \/>\n<\/em><\/strong>Ook verkrijgbaar in Roodbont (handgeschilderd)<br \/>\n<strong><em>1.20 m lang<br \/>\n1.00 m hoog<br \/>\n0.40 m breed<\/em><\/strong><\/td>\n<\/tr>\n<tr>\n<td valign=\"top\" width=\"26%\">\n<map name=\"FPMap0\"> <\/map>\n<p><img loading=\"lazy\" class=\"alignnone size-full wp-image-61\" src=\"http:\/\/vrian.nl\/wp-content\/uploads\/2016\/04\/kunstd7.jpg\" alt=\"kunstd7\" width=\"200\" height=\"146\" \/><br \/>\n<a href=\"https:\/\/web.archive.org\/web\/20120607231423\/http:\/\/www.e-farm.nl\/\"><em><strong>www.e-farm.nl <\/strong><\/em><\/a><\/td>\n<td valign=\"top\"><em><strong>Minikoe<br \/>\n<\/strong><\/em><\/td>\n<\/tr>\n<\/tbody>\n<\/table>\n<table border=\"0\" width=\"100%\" cellspacing=\"0\" cellpadding=\"0\">\n<tbody>\n<tr>\n<td width=\"27%\"><a name=\"Hert\"><\/a><span lang=\"EN-US\"><em><strong><img loading=\"lazy\" class=\"alignnone size-full wp-image-62\" src=\"http:\/\/vrian.nl\/wp-content\/uploads\/2016\/04\/wpe1.gif\" alt=\"wpe1\" width=\"100\" height=\"204\" \/><\/strong><\/em><\/span><\/td>\n<td valign=\"top\"><strong><em>Hert<br \/>\n<\/em><\/strong>235 cm hoog<\/td>\n<\/tr>\n<tr>\n<td width=\"27%\"><em><strong><img loading=\"lazy\" class=\"alignnone size-full wp-image-63\" src=\"http:\/\/vrian.nl\/wp-content\/uploads\/2016\/04\/kunstd8.jpg\" alt=\"kunstd8\" width=\"128\" height=\"200\" \/><\/strong><\/em><\/td>\n<td valign=\"top\"><em><strong>Fries Paard<\/strong><\/em><\/td>\n<\/tr>\n<\/tbody>\n<\/table>\n<\/td>\n<\/tr>\n<\/tbody>\n<\/table>\n<p><\/p>","protected":false},"excerpt":{"rendered":"<p>VRIAN products verkoopt een reeks van kunstdieren: Koe, kalf, varken, paard, hert, haan. De modellen zijn levensgroot, gemaakt van polyester en zeker bestand tegen een stootje!Beschikbaar voor originele promotie van uw bedrijf op beurzen en bij uw bedrijfsingang. Met originele beschildering is het dier ook een natuurgetrouwe model van uw favoriete dier!VRIAN projects kan de [&hellip;]<\/p>\n","protected":false},"author":2,"featured_media":0,"parent":36,"menu_order":0,"comment_status":"closed","ping_status":"closed","template":"","meta":[],"_links":{"self":[{"href":"https:\/\/vrian.nl\/nl\/wp-json\/wp\/v2\/pages\/52"}],"collection":[{"href":"https:\/\/vrian.nl\/nl\/wp-json\/wp\/v2\/pages"}],"about":[{"href":"https:\/\/vrian.nl\/nl\/wp-json\/wp\/v2\/types\/page"}],"author":[{"embeddable":true,"href":"https:\/\/vrian.nl\/nl\/wp-json\/wp\/v2\/users\/2"}],"replies":[{"embeddable":true,"href":"https:\/\/vrian.nl\/nl\/wp-json\/wp\/v2\/comments?post=52"}],"version-history":[{"count":7,"href":"https:\/\/vrian.nl\/nl\/wp-json\/wp\/v2\/pages\/52\/revisions"}],"predecessor-version":[{"id":65,"href":"https:\/\/vrian.nl\/nl\/wp-json\/wp\/v2\/pages\/52\/revisions\/65"}],"up":[{"embeddable":true,"href":"https:\/\/vrian.nl\/nl\/wp-json\/wp\/v2\/pages\/36"}],"wp:attachment":[{"href":"https:\/\/vrian.nl\/nl\/wp-json\/wp\/v2\/media?parent=52"}],"curies":[{"name":"wp","href":"https:\/\/api.w.org\/{rel}","templated":true}]}}